{"id":109,"date":"2021-03-06T08:54:11","date_gmt":"2021-03-06T08:54:11","guid":{"rendered":"https:\/\/labodipeter.hu\/?page_id=109"},"modified":"2021-03-06T08:54:11","modified_gmt":"2021-03-06T08:54:11","slug":"rolunk","status":"publish","type":"page","link":"https:\/\/www.klimaguard.hu\/?page_id=109","title":{"rendered":"R\u00f3lunk"},"content":{"rendered":"<p>[et_pb_section fb_built=&#8221;1&#8243; _builder_version=&#8221;4.9.1&#8243; _module_preset=&#8221;default&#8221; background_color=&#8221;#9caab6&#8243; custom_padding=&#8221;75px||0px|||&#8221;][et_pb_row _builder_version=&#8221;4.9.1&#8243; _module_preset=&#8221;default&#8221; width=&#8221;100%&#8221; custom_margin=&#8221;-34px|auto|-4px|auto||&#8221; custom_padding=&#8221;11px||4px|||&#8221;][et_pb_column type=&#8221;4_4&#8243; _builder_version=&#8221;4.9.1&#8243; _module_preset=&#8221;default&#8221;][et_pb_text _builder_version=&#8221;4.9.1&#8243; _module_preset=&#8221;default&#8221; text_font=&#8221;Arial||||||||&#8221; width=&#8221;100%&#8221; max_width=&#8221;100%&#8221; custom_margin=&#8221;-6px|||||&#8221; custom_padding=&#8221;|60px|42px|9px||&#8221;]<\/p>\n<h1 style=\"text-align: center;\"><span style=\"font-size: 24pt;\"><strong><span style=\"font-family: arial, helvetica, sans-serif; color: #1a3b56;\">C\u00e9gbemutat\u00f3 \/ R\u00f3lunk:<br \/><\/span><\/strong><\/span><\/h1>\n<p><span style=\"font-size: 24pt;\"><strong><span style=\"font-family: arial, helvetica, sans-serif; color: #1a3b56;\"><\/span><\/strong><\/span><\/p>\n<p style=\"text-align: center;\"><span style=\"font-family: arial, helvetica, sans-serif; font-size: 14pt; color: #1a3b56;\">A Kl\u00edma Guard Kft. 2000-ben alakult, ipari \u00e9s technol\u00f3giai h\u0171t\u00e9ssel, <\/span><span style=\"font-family: arial, helvetica, sans-serif; font-size: 14pt; color: #1a3b56;\">kompresszorjav\u00edt\u00e1ssal, szak\u00e9rt\u00e9ssel, h\u0171t\u0151rendszerek karbantart\u00e1s\u00e1val, telep\u00edt\u00e9s\u00e9vel, \u00fczemeltet\u00e9s\u00e9vel,<br \/>l\u00e9gtechnikai rendszerek \u00e9p\u00edt\u00e9s\u00e9vel, szell\u0151z\u0151g\u00e9pek telep\u00edt\u00e9s\u00e9vel, \u00e9p\u00fcleth\u0171t\u00e9ssel, \u00e9p\u00fcletautomatik\u00e1val foglalkoztunk<\/span><\/p>\n<p style=\"text-align: center;\"><span style=\"font-family: arial, helvetica, sans-serif; font-size: 14pt; color: #1a3b56;\"><br \/>2011-\u00f3ta m\u0171hely\u00fcnkben dugatty\u00fas, csavar, turb\u00f3, kompresszorok, jav\u00edt\u00e1s\u00e1t, fel\u00faj\u00edt\u00e1s\u00e1t v\u00e9gezz\u00fck.<\/span><\/p>\n<p style=\"text-align: center;\"><span style=\"font-family: arial, helvetica, sans-serif; font-size: 14pt; color: #1a3b56;\"><br \/>2013 \u2013t\u00f3l a kij\u00e1r\u00f3 szerviz csak hiba meg\u00e1llap\u00edt\u00e1ssal foglalkozik.<\/span><\/p>\n<p style=\"text-align: center;\"><span style=\"font-family: arial, helvetica, sans-serif; font-size: 14pt; color: #1a3b56;\"><br \/>A munk\u00e1ink 90%-\u00e1t a m\u0171helyben v\u00e9gezz\u00fck, kompresszorok teljes k\u00f6r\u0171 jav\u00edt\u00e1si-fel\u00faj\u00edt\u00e1si munk\u00e1ival foglalkozunk.<\/span><\/p>\n<h1 style=\"text-align: center;\"><span style=\"font-family: arial, helvetica, sans-serif; font-size: 14pt; color: #1a3b56;\"><br \/><strong style=\"font-size: 24pt; color: #333333; font-family: Georgia, 'Times New Roman', 'Bitstream Charter', Times, serif;\"><span style=\"font-family: arial, helvetica, sans-serif; color: #1a3b56;\">F\u0151bb tev\u00e9kenys\u00e9gi k\u00f6r\u00fcnk:<\/span><\/strong><\/span><\/h1>\n<p style=\"text-align: center;\"><span style=\"font-family: arial, helvetica, sans-serif; font-size: 14pt; color: #1a3b56;\"><br \/><\/span><span style=\"font-family: arial, helvetica, sans-serif; font-size: 14pt; color: #1a3b56;\">Ipari \u00e9s kereskedelmi f\u00e9lhermetikus, dugatty\u00fas \u00e9s csavar kompresszorok jav\u00edt\u00e1sa.<br \/><\/span><span style=\"font-family: arial, helvetica, sans-serif; font-size: 14pt; color: #1a3b56;\">(Copeland, Bitzer, Carrier, Frascold, Daikin, Dorin, York, Hanbell, Carlyle, Refcomp, Trane \u00e9s minden m\u00e1s t\u00edpus, aminek az alkatr\u00e9sz ell\u00e1t\u00e1sa megoldhat\u00f3)<\/span><\/p>\n<p><span style=\"font-family: arial, helvetica, sans-serif; font-size: 14pt; color: #1a3b56;\"><\/span><\/p>\n<p style=\"text-align: center;\"><span style=\"font-family: arial, helvetica, sans-serif; font-size: 14pt; color: #1a3b56;\">Rothenberger lefejt\u0151k jav\u00edt\u00e1sa<\/span><\/p>\n<p style=\"text-align: center;\"><span style=\"font-family: arial, helvetica, sans-serif; font-size: 14pt; color: #1a3b56;\"><br \/>Ipari \u00e9s technol\u00f3giai h\u0171t\u00e9s,<\/span><span style=\"font-family: arial, helvetica, sans-serif; font-size: 14pt; color: #1a3b56;\">Szak\u00e9rt\u00e9s, tan\u00e1csad\u00e1s, szakv\u00e9lem\u00e9ny k\u00e9sz\u00edt\u00e9s,<\/span><span style=\"font-family: arial, helvetica, sans-serif; font-size: 14pt; color: #1a3b56;\">H\u0171t\u0151s c\u00e9gek k\u00e9pz\u00e9se, oktat\u00e1sa<\/span><br \/><span style=\"font-family: arial, helvetica, sans-serif; font-size: 14pt; color: #1a3b56;\"><\/span><\/p>\n<p>[\/et_pb_text][\/et_pb_column][\/et_pb_row][\/et_pb_section]<\/p>\n","protected":false},"excerpt":{"rendered":"<p>C\u00e9gbemutat\u00f3 \/ R\u00f3lunk: A Kl\u00edma Guard Kft. 2000-ben alakult, ipari \u00e9s technol\u00f3giai h\u0171t\u00e9ssel, kompresszorjav\u00edt\u00e1ssal, szak\u00e9rt\u00e9ssel, h\u0171t\u0151rendszerek karbantart\u00e1s\u00e1val, telep\u00edt\u00e9s\u00e9vel, \u00fczemeltet\u00e9s\u00e9vel,l\u00e9gtechnikai rendszerek \u00e9p\u00edt\u00e9s\u00e9vel, szell\u0151z\u0151g\u00e9pek telep\u00edt\u00e9s\u00e9vel, \u00e9p\u00fcleth\u0171t\u00e9ssel, \u00e9p\u00fcletautomatik\u00e1val foglalkoztunk 2011-\u00f3ta m\u0171hely\u00fcnkben dugatty\u00fas, csavar, turb\u00f3, kompresszorok, jav\u00edt\u00e1s\u00e1t, fel\u00faj\u00edt\u00e1s\u00e1t v\u00e9gezz\u00fck. 2013 \u2013t\u00f3l a kij\u00e1r\u00f3 szerviz csak hiba meg\u00e1llap\u00edt\u00e1ssal foglalkozik. A munk\u00e1ink 90%-\u00e1t a m\u0171helyben v\u00e9gezz\u00fck, kompresszorok teljes k\u00f6r\u0171 jav\u00edt\u00e1si-fel\u00faj\u00edt\u00e1si munk\u00e1ival [&hellip;]<\/p>\n","protected":false},"author":1,"featured_media":0,"parent":0,"menu_order":0,"comment_status":"closed","ping_status":"closed","template":"","meta":{"_et_pb_use_builder":"on","_et_pb_old_content":"","_et_gb_content_width":"","footnotes":""},"class_list":["post-109","page","type-page","status-publish","hentry"],"_links":{"self":[{"href":"https:\/\/www.klimaguard.hu\/index.php?rest_route=\/wp\/v2\/pages\/109","targetHints":{"allow":["GET"]}}],"collection":[{"href":"https:\/\/www.klimaguard.hu\/index.php?rest_route=\/wp\/v2\/pages"}],"about":[{"href":"https:\/\/www.klimaguard.hu\/index.php?rest_route=\/wp\/v2\/types\/page"}],"author":[{"embeddable":true,"href":"https:\/\/www.klimaguard.hu\/index.php?rest_route=\/wp\/v2\/users\/1"}],"replies":[{"embeddable":true,"href":"https:\/\/www.klimaguard.hu\/index.php?rest_route=%2Fwp%2Fv2%2Fcomments&post=109"}],"version-history":[{"count":0,"href":"https:\/\/www.klimaguard.hu\/index.php?rest_route=\/wp\/v2\/pages\/109\/revisions"}],"wp:attachment":[{"href":"https:\/\/www.klimaguard.hu\/index.php?rest_route=%2Fwp%2Fv2%2Fmedia&parent=109"}],"curies":[{"name":"wp","href":"https:\/\/api.w.org\/{rel}","templated":true}]}}