{"id":113,"date":"2021-03-06T08:54:40","date_gmt":"2021-03-06T08:54:40","guid":{"rendered":"https:\/\/labodipeter.hu\/?page_id=113"},"modified":"2021-04-28T18:45:29","modified_gmt":"2021-04-28T18:45:29","slug":"kapcsolat","status":"publish","type":"page","link":"https:\/\/www.klimaguard.hu\/?page_id=113","title":{"rendered":"Kapcsolat"},"content":{"rendered":"<p>[et_pb_section fb_built=&#8221;1&#8243; _builder_version=&#8221;4.9.1&#8243; _module_preset=&#8221;default&#8221; background_color=&#8221;#9caab6&#8243; min_height=&#8221;491px&#8221; custom_padding=&#8221;11px|3px|25px|||&#8221;][et_pb_row _builder_version=&#8221;4.9.1&#8243; _module_preset=&#8221;default&#8221; custom_margin=&#8221;|auto|-14px|auto||&#8221; custom_padding=&#8221;38px|||||&#8221;][et_pb_column type=&#8221;4_4&#8243; _builder_version=&#8221;4.9.1&#8243; _module_preset=&#8221;default&#8221;][et_pb_text _builder_version=&#8221;4.9.1&#8243; _module_preset=&#8221;default&#8221; min_height=&#8221;305px&#8221; custom_margin=&#8221;||-2px|||&#8221; custom_padding=&#8221;|60px|1px|0px||&#8221;]<\/p>\n<p style=\"text-align: center;\"><span style=\"font-family: arial, helvetica, sans-serif; font-size: 24pt; color: #1a3b56;\"><strong>El\u00e9rhet\u0151s\u00e9g \/ Kapcsolat<\/strong><\/span><\/p>\n<p style=\"text-align: center;\">\n<p style=\"text-align: center;\"><span style=\"font-family: arial, helvetica, sans-serif; font-size: 14pt; color: #1a3b56;\"><strong>C\u00e9gn\u00e9v:\u00a0<\/strong>Kl\u00edma Guard H\u0171t\u0151 \u2013 \u00e9s Kl\u00edmatechnikai Kft.<\/span><\/p>\n<p style=\"text-align: center;\"><span style=\"font-family: arial, helvetica, sans-serif; font-size: 14pt; color: #1a3b56;\"><strong>Levelez\u00e9si c\u00edm:\u00a0<\/strong>2234. Magl\u00f3d, Bajcsy Zsilinszky u. 54.<\/span><\/p>\n<p style=\"text-align: center;\"><span style=\"font-family: arial, helvetica, sans-serif; font-size: 14pt; color: #1a3b56;\"><strong>Sz\u00e9khely:\u00a0<\/strong>2234. Magl\u00f3d, Bajcsy Zsilinszky u. 54.<\/span><\/p>\n<p style=\"text-align: center;\"><span style=\"font-family: arial, helvetica, sans-serif; font-size: 14pt; color: #1a3b56;\"><strong>E-mail:\u00a0<\/strong><a style=\"color: #1a3b56;\" href=\"mailto:info@klimaguard.hu\">info@klimaguard.hu<\/a><\/span><\/p>\n<p style=\"text-align: center;\"><span style=\"font-family: arial, helvetica, sans-serif; font-size: 14pt; color: #1a3b56;\"><strong>Tel\/fax:\u00a0<\/strong>0629\/327-737<\/span><\/p>\n<p style=\"text-align: center;\"><span style=\"font-family: arial, helvetica, sans-serif; font-size: 14pt; color: #1a3b56;\"><strong>Mobil:\u00a0<\/strong>\u00a0+36209233157 (Pap Henrik)<\/span><\/p>\n<p style=\"text-align: center;\"><span style=\"font-family: arial, helvetica, sans-serif; font-size: 14pt; color: #1a3b56;\"><strong>Weboldal:\u00a0<\/strong><a style=\"color: #1a3b56;\" href=\"http:\/\/www.klimaguard.hu\">www.klimaguard.hu<\/a><\/span><\/p>\n<p>[\/et_pb_text][\/et_pb_column][\/et_pb_row][et_pb_row _builder_version=&#8221;4.9.1&#8243; _module_preset=&#8221;default&#8221; width=&#8221;100%&#8221; min_height=&#8221;558px&#8221; height=&#8221;591px&#8221; max_height=&#8221;591px&#8221; custom_margin=&#8221;|auto|-9px|auto||&#8221; custom_padding=&#8221;14px||0px|||&#8221;][et_pb_column type=&#8221;4_4&#8243; _builder_version=&#8221;4.9.1&#8243; _module_preset=&#8221;default&#8221;][et_pb_code _builder_version=&#8221;4.9.1&#8243; _module_preset=&#8221;default&#8221; min_height=&#8221;603px&#8221; custom_padding=&#8221;||0px|||&#8221;]<iframe src=\"https:\/\/www.google.com\/maps\/embed?pb=!1m18!1m12!1m3!1d12835.083705279741!2d19.344476750318037!3d47.446183554436274!2m3!1f0!2f0!3f0!3m2!1i1024!2i768!4f13.1!3m3!1m2!1s0x4741bf608c1cceef%3A0x23836affb2175505!2sKl%C3%ADma%20Guard%20Kft.!5e0!3m2!1shu!2shu!4v1615050491605!5m2!1shu!2shu\" width=\"1920\" height=\"600\" style=\"border:0;\" allowfullscreen=\"\" loading=\"lazy\"><\/iframe>[\/et_pb_code][\/et_pb_column][\/et_pb_row][\/et_pb_section]<\/p>\n","protected":false},"excerpt":{"rendered":"<p>El\u00e9rhet\u0151s\u00e9g \/ Kapcsolat C\u00e9gn\u00e9v:\u00a0Kl\u00edma Guard H\u0171t\u0151 \u2013 \u00e9s Kl\u00edmatechnikai Kft. Levelez\u00e9si c\u00edm:\u00a02234. Magl\u00f3d, Bajcsy Zsilinszky u. 54. Sz\u00e9khely:\u00a02234. Magl\u00f3d, Bajcsy Zsilinszky u. 54. E-mail:\u00a0info@klimaguard.hu Tel\/fax:\u00a00629\/327-737 Mobil:\u00a0\u00a0+36209233157 (Pap Henrik) Weboldal:\u00a0www.klimaguard.hu<\/p>\n","protected":false},"author":1,"featured_media":0,"parent":0,"menu_order":0,"comment_status":"closed","ping_status":"closed","template":"","meta":{"_et_pb_use_builder":"on","_et_pb_old_content":"","_et_gb_content_width":"","footnotes":""},"class_list":["post-113","page","type-page","status-publish","hentry"],"_links":{"self":[{"href":"https:\/\/www.klimaguard.hu\/index.php?rest_route=\/wp\/v2\/pages\/113","targetHints":{"allow":["GET"]}}],"collection":[{"href":"https:\/\/www.klimaguard.hu\/index.php?rest_route=\/wp\/v2\/pages"}],"about":[{"href":"https:\/\/www.klimaguard.hu\/index.php?rest_route=\/wp\/v2\/types\/page"}],"author":[{"embeddable":true,"href":"https:\/\/www.klimaguard.hu\/index.php?rest_route=\/wp\/v2\/users\/1"}],"replies":[{"embeddable":true,"href":"https:\/\/www.klimaguard.hu\/index.php?rest_route=%2Fwp%2Fv2%2Fcomments&post=113"}],"version-history":[{"count":2,"href":"https:\/\/www.klimaguard.hu\/index.php?rest_route=\/wp\/v2\/pages\/113\/revisions"}],"predecessor-version":[{"id":27885,"href":"https:\/\/www.klimaguard.hu\/index.php?rest_route=\/wp\/v2\/pages\/113\/revisions\/27885"}],"wp:attachment":[{"href":"https:\/\/www.klimaguard.hu\/index.php?rest_route=%2Fwp%2Fv2%2Fmedia&parent=113"}],"curies":[{"name":"wp","href":"https:\/\/api.w.org\/{rel}","templated":true}]}}