{"id":33,"date":"2021-03-05T13:08:08","date_gmt":"2021-03-05T13:08:08","guid":{"rendered":"https:\/\/labodipeter.hu\/home\/"},"modified":"2021-03-12T07:14:31","modified_gmt":"2021-03-12T07:14:31","slug":"home","status":"publish","type":"page","link":"https:\/\/www.klimaguard.hu\/","title":{"rendered":"Kezd\u0151oldal"},"content":{"rendered":"<p>[et_pb_section fb_built=&#8221;1&#8243; _builder_version=&#8221;4.9.1&#8243; background_color=&#8221;#FFFFFF&#8221; use_background_color_gradient=&#8221;on&#8221; background_color_gradient_start=&#8221;#1a3b56&#8243; background_color_gradient_end=&#8221;#ffffff&#8221; background_color_gradient_direction=&#8221;360deg&#8221; background_color_gradient_end_position=&#8221;0%&#8221; min_height=&#8221;491px&#8221; custom_padding=&#8221;||0px|||&#8221;][et_pb_row _builder_version=&#8221;4.9.1&#8243; _module_preset=&#8221;default&#8221; background_color=&#8221;#9caab6&#8243; width=&#8221;100%&#8221; min_height=&#8221;719px&#8221; custom_margin=&#8221;-78px|auto||auto|false|false&#8221; custom_padding=&#8221;0px||0px|||&#8221;][et_pb_column type=&#8221;4_4&#8243; _builder_version=&#8221;4.9.1&#8243; _module_preset=&#8221;default&#8221;][et_pb_slider show_content_on_mobile=&#8221;off&#8221; _builder_version=&#8221;4.9.1&#8243; _module_preset=&#8221;default&#8221; background_color=&#8221;#9caab6&#8243; min_height=&#8221;718px&#8221; custom_margin=&#8221;1px||-2px|||&#8221; custom_padding=&#8221;6px||22px|||&#8221; animation_style=&#8221;slide&#8221; animation_duration=&#8221;300ms&#8221; animation_delay=&#8221;350ms&#8221; animation_intensity_slide=&#8221;45%&#8221; auto=&#8221;on&#8221; auto_ignore_hover=&#8221;on&#8221; hover_enabled=&#8221;0&#8243; saved_tabs=&#8221;all&#8221; header_level=&#8221;h1&#8243; sticky_enabled=&#8221;0&#8243;][et_pb_slide heading=&#8221;Kl\u00edma Guard H\u0171t\u0151 &#8211; \u00e9s Kl\u00edmatechnikai Kft.&#8221; _builder_version=&#8221;4.9.1&#8243; _module_preset=&#8221;default&#8221; hover_enabled=&#8221;0&#8243; sticky_transition=&#8221;on&#8221; header_font=&#8221;Arial|700|||||||&#8221; header_text_color=&#8221;#1a3b56&#8243; body_font=&#8221;Arial||||||||&#8221; sticky_enabled=&#8221;0&#8243;]<\/p>\n<h2 style=\"text-align: center;\"><span><br \/><\/span>\u00dcdv\u00f6z\u00f6lj\u00fck honlapunkon!<\/h2>\n<p>&nbsp;<\/p>\n<h2 style=\"text-align: center;\"><span style=\"text-align: justify;\"><\/span><span style=\"text-align: justify;\">Ipari h\u0171t\u00e9stechnol\u00f3giai kompresszor jav\u00edt\u00e1s \u00e9s fel\u00faj\u00edt\u00e1s ter\u00e9n kiemelked\u0151 tapasztalattal rendelkez\u0151 szerel\u0151ink teljesk\u00f6r\u0171 szervizel\u00e9s\u00e9t v\u00e9gzik dugatty\u00fas -\u00e9s csavarkompresszoroknak.<\/span><br \/><span><\/span><\/h2>\n<p>[\/et_pb_slide][et_pb_slide heading=&#8221;Kl\u00edma Guard H\u0171t\u0151 &#8211; \u00e9s Kl\u00edmatechnikai Kft.&#8221; _builder_version=&#8221;4.9.1&#8243; _module_preset=&#8221;default&#8221; hover_enabled=&#8221;0&#8243; sticky_transition=&#8221;on&#8221; body_font=&#8221;Arial||||||||&#8221; header_font=&#8221;Arial|700|||||||&#8221; header_text_color=&#8221;#1a3b56&#8243; sticky_enabled=&#8221;0&#8243;]<\/p>\n<h2 style=\"text-align: center;\"><\/h2>\n<h2 style=\"text-align: center;\"><\/h2>\n<h2 style=\"text-align: center;\">\u00dcdv\u00f6z\u00f6lj\u00fck honlapunkon!<\/h2>\n<p>&nbsp;<\/p>\n<h2>Igyeksz\u00fcnk min\u00e9l r\u00f6videbb hat\u00e1rid\u0151vel min\u00e9l jobb min\u0151s\u00e9gben megjav\u00edtani a meghib\u00e1sodott kompresszort. A jav\u00edt\u00e1s idej\u00e9re b\u00e9rkompresszort tudunk biztos\u00edtani a rendszer \u00fczemeltet\u00e9s\u00e9hez (t\u00edpusf\u00fcgg\u0151).<\/h2>\n<p>[\/et_pb_slide][et_pb_slide heading=&#8221;Kl\u00edma Guard H\u0171t\u0151 &#8211; \u00e9s Kl\u00edmatechnikai Kft.&#8221; _builder_version=&#8221;4.9.1&#8243; _module_preset=&#8221;default&#8221; hover_enabled=&#8221;0&#8243; sticky_transition=&#8221;on&#8221; body_font=&#8221;Arial||||||||&#8221; header_font=&#8221;Arial|700|||||||&#8221; header_text_color=&#8221;#1a3b56&#8243; sticky_enabled=&#8221;0&#8243;]<\/p>\n<h2 style=\"text-align: center;\"><\/h2>\n<h2 style=\"text-align: center;\"><\/h2>\n<h2 style=\"text-align: center;\">\u00dcdv\u00f6z\u00f6lj\u00fck honlapunkon!<\/h2>\n<p>&nbsp;<\/p>\n<h2 style=\"text-align: center;\">Dugatty\u00fas -\u00e9s csavarkompresszor jav\u00edt\u00e1ssal vagy alkatr\u00e9szek beszerz\u00e9s\u00e9vel kapcsolatban forduljon hozz\u00e1nk bizalommal.<\/h2>\n<p>[\/et_pb_slide][\/et_pb_slider][\/et_pb_column][\/et_pb_row][\/et_pb_section]<\/p>\n","protected":false},"excerpt":{"rendered":"<p>\u00dcdv\u00f6z\u00f6lj\u00fck honlapunkon! &nbsp; Ipari h\u0171t\u00e9stechnol\u00f3giai kompresszor jav\u00edt\u00e1s \u00e9s fel\u00faj\u00edt\u00e1s ter\u00e9n kiemelked\u0151 tapasztalattal rendelkez\u0151 szerel\u0151ink teljesk\u00f6r\u0171 szervizel\u00e9s\u00e9t v\u00e9gzik dugatty\u00fas -\u00e9s csavarkompresszoroknak. \u00dcdv\u00f6z\u00f6lj\u00fck honlapunkon! &nbsp; Igyeksz\u00fcnk min\u00e9l r\u00f6videbb hat\u00e1rid\u0151vel min\u00e9l jobb min\u0151s\u00e9gben megjav\u00edtani a meghib\u00e1sodott kompresszort. A jav\u00edt\u00e1s idej\u00e9re b\u00e9rkompresszort tudunk biztos\u00edtani a rendszer \u00fczemeltet\u00e9s\u00e9hez (t\u00edpusf\u00fcgg\u0151). \u00dcdv\u00f6z\u00f6lj\u00fck honlapunkon! &nbsp; Dugatty\u00fas -\u00e9s csavarkompresszor jav\u00edt\u00e1ssal vagy alkatr\u00e9szek beszerz\u00e9s\u00e9vel kapcsolatban [&hellip;]<\/p>\n","protected":false},"author":1,"featured_media":0,"parent":0,"menu_order":0,"comment_status":"closed","ping_status":"closed","template":"","meta":{"_et_pb_use_builder":"on","_et_pb_old_content":"","_et_gb_content_width":"","footnotes":""},"class_list":["post-33","page","type-page","status-publish","hentry"],"_links":{"self":[{"href":"https:\/\/www.klimaguard.hu\/index.php?rest_route=\/wp\/v2\/pages\/33","targetHints":{"allow":["GET"]}}],"collection":[{"href":"https:\/\/www.klimaguard.hu\/index.php?rest_route=\/wp\/v2\/pages"}],"about":[{"href":"https:\/\/www.klimaguard.hu\/index.php?rest_route=\/wp\/v2\/types\/page"}],"author":[{"embeddable":true,"href":"https:\/\/www.klimaguard.hu\/index.php?rest_route=\/wp\/v2\/users\/1"}],"replies":[{"embeddable":true,"href":"https:\/\/www.klimaguard.hu\/index.php?rest_route=%2Fwp%2Fv2%2Fcomments&post=33"}],"version-history":[{"count":4,"href":"https:\/\/www.klimaguard.hu\/index.php?rest_route=\/wp\/v2\/pages\/33\/revisions"}],"predecessor-version":[{"id":27855,"href":"https:\/\/www.klimaguard.hu\/index.php?rest_route=\/wp\/v2\/pages\/33\/revisions\/27855"}],"wp:attachment":[{"href":"https:\/\/www.klimaguard.hu\/index.php?rest_route=%2Fwp%2Fv2%2Fmedia&parent=33"}],"curies":[{"name":"wp","href":"https:\/\/api.w.org\/{rel}","templated":true}]}}